{"id":22,"date":"2021-07-17T14:29:50","date_gmt":"2021-07-17T13:29:50","guid":{"rendered":"https:\/\/zn.posterpix.de\/?post_type=product&#038;p=22"},"modified":"2026-04-26T12:59:29","modified_gmt":"2026-04-26T11:59:29","slug":"der-buecherdrache-poster-60x90cm","status":"publish","type":"product","link":"https:\/\/zamonien.posterpix.de\/index.php\/produkt\/der-buecherdrache-poster-60x90cm\/","title":{"rendered":"Der B\u00fccherdrache, Poster 60x90cm"},"content":{"rendered":"","protected":false},"excerpt":{"rendered":"<p>Nathaviel, oder auch der B\u00fccherdrache aus dem <a href=\"http:\/\/www.zamonien.de\/buch_der_buecherdrache.php\" target=\"_blank\" rel=\"noopener\">gleichnamigen Roman<\/a>, lebte fr\u00fcher als wilder und freier Drache auf der Oberfl\u00e4che von <a href=\"\/index.php\/product-tag\/zamonien-karte\/\">Zamonien<\/a>. Er belagerte St\u00e4dte, t\u00f6tete Ritter und verzehrte Jungfrauen \u2013 obwohl sie ihm gar nicht schmeckten. Bald trachteten ihm die Siedler auf Zamonien nach dem Leben und er beschloss sich in die Unterwelt zur\u00fcckzuziehen. So gelangte er in die <a href=\"\/index.php\/product-tag\/katakomben\/\">Katakomben<\/a> von <a href=\"\/index.php\/product-tag\/buchhaim\/\">Buchhaim<\/a> in West-Zamonien und schlief dort in einem Bett aus B\u00fcchern, die seine Intelligenz enorm steigerten. So wurde der B\u00fccherdrache schnell zu einem gefragten Ratgeber f\u00fcr Herrscher, Politiker und Wissenschaftler.<\/p>\n<p>Der Buchling Hildegunst Zwei, benannt nach dem zamonischen Gro\u00dfschriftsteller Hildegunst von <a href=\"\/index.php\/product-tag\/mythenmetz\/\">Mythenmetz<\/a>, macht sich eines Tages auf den Weg in den Ormsumpf, wo Nathaviel hausen soll. Dabei wagt er sich in Bereiche der <a href=\"\/index.php\/product-tag\/katakomben\/\">Katakomben<\/a>, in denen es von Gefahren wie den heimt\u00fcckischen B\u00fccherj\u00e4gern nur so wimmelt. Und er ahnt nicht, dass die gr\u00f6\u00dfte Gefahr, die ihm droht, vom B\u00fccherdrachen selber ausgeht.<\/p>\n","protected":false},"featured_media":194,"template":"","meta":[],"product_brand":[],"product_cat":[31],"product_tag":[62],"class_list":{"0":"post-22","1":"product","2":"type-product","3":"status-publish","4":"has-post-thumbnail","6":"product_cat-zamonien-poster","7":"product_tag-cover","8":"product_shipping_class-bis-90-cm","10":"first","11":"instock","12":"taxable","13":"shipping-taxable","14":"purchasable","15":"product-type-simple"},"_links":{"self":[{"href":"https:\/\/zamonien.posterpix.de\/index.php\/wp-json\/wp\/v2\/product\/22","targetHints":{"allow":["GET"]}}],"collection":[{"href":"https:\/\/zamonien.posterpix.de\/index.php\/wp-json\/wp\/v2\/product"}],"about":[{"href":"https:\/\/zamonien.posterpix.de\/index.php\/wp-json\/wp\/v2\/types\/product"}],"wp:featuredmedia":[{"embeddable":true,"href":"https:\/\/zamonien.posterpix.de\/index.php\/wp-json\/wp\/v2\/media\/194"}],"wp:attachment":[{"href":"https:\/\/zamonien.posterpix.de\/index.php\/wp-json\/wp\/v2\/media?parent=22"}],"wp:term":[{"taxonomy":"product_brand","embeddable":true,"href":"https:\/\/zamonien.posterpix.de\/index.php\/wp-json\/wp\/v2\/product_brand?post=22"},{"taxonomy":"product_cat","embeddable":true,"href":"https:\/\/zamonien.posterpix.de\/index.php\/wp-json\/wp\/v2\/product_cat?post=22"},{"taxonomy":"product_tag","embeddable":true,"href":"https:\/\/zamonien.posterpix.de\/index.php\/wp-json\/wp\/v2\/product_tag?post=22"}],"curies":[{"name":"wp","href":"https:\/\/api.w.org\/{rel}","templated":true}]}}