{"id":151,"date":"2023-09-18T17:00:15","date_gmt":"2023-09-18T16:00:15","guid":{"rendered":"https:\/\/zn.posterpix.de\/?post_type=product&#038;p=151"},"modified":"2026-03-23T17:59:11","modified_gmt":"2026-03-23T16:59:11","slug":"mythenmetz-katakomben-poster-40x50cm","status":"publish","type":"product","link":"https:\/\/zamonien.posterpix.de\/index.php\/produkt\/mythenmetz-katakomben-poster-40x50cm\/","title":{"rendered":"Mythenmetz Katakomben, Poster 40x50cm"},"content":{"rendered":"","protected":false},"excerpt":{"rendered":"<p>Das Motiv stammt aus dem Buch <a href=\"http:\/\/www.zamonien.de\/buch_graphic_novel.php\" target=\"_blank\" rel=\"noopener\">\u00bbStadt der Tr\u00e4umenden B\u00fccher\u00ab<\/a> Teil 2 \u00bbDie Katakomben\u00ab. Als Poster im Format 40 x 50 cm, gedruckt auf ein 240 g\/m\u00b2 starkes Premium\u00adpapier in seiden\u00admatter Optik.<\/p>\n<p>Das Buch erz\u00e4hlt, wie Hildegunst aus der Gemeinschaft der Buchlinge vor den b\u00f6sartigen B\u00fccherj\u00e4gern fliehen muss, anschlie\u00dfend dem Schattenk\u00f6nig begegnet und den R\u00fcckweg an die Oberfl\u00e4che Zamoniens antritt.<\/p>\n<p>Der angehende Dichter <a href=\"\/index.php\/product-tag\/mythenmetz\/\">Hildegunst von Mythenmetz<\/a>, geh\u00f6rt zu den Lindw\u00fcrmern, einer Art die in ganz Zamonien f\u00fcr ihre hochwertigen literarischen Werke bekannt ist. Hier wird <a href=\"\/index.php\/product-tag\/mythenmetz\/\">Mythenmetz<\/a> in den Katakomben von <a href=\"\/index.php\/product-tag\/buchhaim\/\">Buchhaim<\/a> gezeigt und ist auf der Suche nach dem Autor eines genialen Manuskripts, welches <a href=\"\/index.php\/product-tag\/mythenmetz\/\">Mythenmetz<\/a> f\u00fcr die Perfektion der Dichtkunst h\u00e4lt. Nachdem er die <a href=\"\/index.php\/product-tag\/buchling\/\">Buchlinge<\/a> verlie\u00df, trifft er auf den ber\u00fcchtigten Schattenk\u00f6nig, welcher nicht nur der Autor des Manuskripts ist, sondern sp\u00e4ter auch zum Mentor f\u00fcr den angehenden Dichter Mythenmetz wird.<\/p>\n","protected":false},"featured_media":195,"template":"","meta":[],"product_brand":[],"product_cat":[31],"product_tag":[49,53,42],"class_list":{"0":"post-151","1":"product","2":"type-product","3":"status-publish","4":"has-post-thumbnail","6":"product_cat-zamonien-poster","7":"product_tag-katakomben","8":"product_tag-lindwurm","9":"product_tag-mythenmetz","10":"product_shipping_class-bis-90-cm","12":"first","13":"instock","14":"taxable","15":"shipping-taxable","16":"purchasable","17":"product-type-simple"},"_links":{"self":[{"href":"https:\/\/zamonien.posterpix.de\/index.php\/wp-json\/wp\/v2\/product\/151","targetHints":{"allow":["GET"]}}],"collection":[{"href":"https:\/\/zamonien.posterpix.de\/index.php\/wp-json\/wp\/v2\/product"}],"about":[{"href":"https:\/\/zamonien.posterpix.de\/index.php\/wp-json\/wp\/v2\/types\/product"}],"wp:featuredmedia":[{"embeddable":true,"href":"https:\/\/zamonien.posterpix.de\/index.php\/wp-json\/wp\/v2\/media\/195"}],"wp:attachment":[{"href":"https:\/\/zamonien.posterpix.de\/index.php\/wp-json\/wp\/v2\/media?parent=151"}],"wp:term":[{"taxonomy":"product_brand","embeddable":true,"href":"https:\/\/zamonien.posterpix.de\/index.php\/wp-json\/wp\/v2\/product_brand?post=151"},{"taxonomy":"product_cat","embeddable":true,"href":"https:\/\/zamonien.posterpix.de\/index.php\/wp-json\/wp\/v2\/product_cat?post=151"},{"taxonomy":"product_tag","embeddable":true,"href":"https:\/\/zamonien.posterpix.de\/index.php\/wp-json\/wp\/v2\/product_tag?post=151"}],"curies":[{"name":"wp","href":"https:\/\/api.w.org\/{rel}","templated":true}]}}