{"id":150,"date":"2021-07-20T11:09:29","date_gmt":"2021-07-20T10:09:29","guid":{"rendered":"https:\/\/zn.posterpix.de\/?post_type=product&#038;p=150"},"modified":"2026-02-21T16:35:16","modified_gmt":"2026-02-21T15:35:16","slug":"mythenmetz-buchhaim-poster-40x50cm","status":"publish","type":"product","link":"https:\/\/zamonien.posterpix.de\/index.php\/produkt\/mythenmetz-buchhaim-poster-40x50cm\/","title":{"rendered":"Mythenmetz Buchhaim, Poster 40x50cm"},"content":{"rendered":"","protected":false},"excerpt":{"rendered":"<p>Dieses Bild stammt aus dem Buch <a href=\"http:\/\/www.zamonien.de\/buch_graphic_novel.php\" target=\"_blank\" rel=\"noopener\">\u00bbStadt der Tr\u00e4umenden B\u00fccher\u00ab<\/a> Teil 1 \u00bbBuchhaim\u00ab. Im Format 40 x 50cm, als Poster gedruckt auf ein 240 g\/m\u00b2 starkes Premium\u00adpapier in seiden\u00admatter Optik.<\/p>\n<p>Das Buch erz\u00e4hlt, wie Hildegunst in die Stadt der Tr\u00e4umenden B\u00fccher kommt, wie es ihn dort in die Katakomben verschl\u00e4gt, wo B\u00fccherj\u00e4ger sein Leben bedrohen und er auf das geheimnisvolle Volk der <a href=\"\/index.php\/product-tag\/buchling\/\">Buchlinge<\/a> trifft.<\/p>\n<p>Der angehende Dichter <a href=\"\/index.php\/product-tag\/mythenmetz\/\">Hildegunst von Mythenmetz<\/a>, geh\u00f6rt zu den Lindw\u00fcrmern, einer Art die in ganz Zamonien f\u00fcr ihre hochwertigen literarischen Werke bekannt ist. Hier befindet sich Mythenmetz noch auf der Oberfl\u00e4che von Zamonien in der Stadt von Buchhaim. Er ist auf der Suche nach dem Autor eines genialen Manuskripts, welches Mythenmetz f\u00fcr die Perfektion der Dichtkunst h\u00e4lt. Dort trifft er auf Phistomefel <a href=\"\/index.php\/product-tag\/labor-smeik\/\">Smeik<\/a>, welcher ihn sp\u00e4ter in die <a href=\"\/index.php\/product-tag\/katakomben\/\">Katakomben<\/a> von Buchhaim verschleppt.<\/p>\n","protected":false},"featured_media":233,"template":"","meta":[],"product_brand":[],"product_cat":[31],"product_tag":[45,53,42],"class_list":{"0":"post-150","1":"product","2":"type-product","3":"status-publish","4":"has-post-thumbnail","6":"product_cat-zamonien-poster","7":"product_tag-buchhaim","8":"product_tag-lindwurm","9":"product_tag-mythenmetz","10":"product_shipping_class-bis-90-cm","12":"first","13":"instock","14":"taxable","15":"shipping-taxable","16":"purchasable","17":"product-type-simple"},"_links":{"self":[{"href":"https:\/\/zamonien.posterpix.de\/index.php\/wp-json\/wp\/v2\/product\/150","targetHints":{"allow":["GET"]}}],"collection":[{"href":"https:\/\/zamonien.posterpix.de\/index.php\/wp-json\/wp\/v2\/product"}],"about":[{"href":"https:\/\/zamonien.posterpix.de\/index.php\/wp-json\/wp\/v2\/types\/product"}],"wp:featuredmedia":[{"embeddable":true,"href":"https:\/\/zamonien.posterpix.de\/index.php\/wp-json\/wp\/v2\/media\/233"}],"wp:attachment":[{"href":"https:\/\/zamonien.posterpix.de\/index.php\/wp-json\/wp\/v2\/media?parent=150"}],"wp:term":[{"taxonomy":"product_brand","embeddable":true,"href":"https:\/\/zamonien.posterpix.de\/index.php\/wp-json\/wp\/v2\/product_brand?post=150"},{"taxonomy":"product_cat","embeddable":true,"href":"https:\/\/zamonien.posterpix.de\/index.php\/wp-json\/wp\/v2\/product_cat?post=150"},{"taxonomy":"product_tag","embeddable":true,"href":"https:\/\/zamonien.posterpix.de\/index.php\/wp-json\/wp\/v2\/product_tag?post=150"}],"curies":[{"name":"wp","href":"https:\/\/api.w.org\/{rel}","templated":true}]}}