{"id":148,"date":"2021-07-20T11:05:43","date_gmt":"2021-07-20T10:05:43","guid":{"rendered":"https:\/\/zn.posterpix.de\/?post_type=product&#038;p=148"},"modified":"2026-03-27T08:44:24","modified_gmt":"2026-03-27T07:44:24","slug":"zamonien-poster-60x43cm","status":"publish","type":"product","link":"https:\/\/zamonien.posterpix.de\/index.php\/produkt\/zamonien-poster-60x43cm\/","title":{"rendered":"Karte von Zamonien, Poster 60x43cm"},"content":{"rendered":"","protected":false},"excerpt":{"rendered":"<p>Karte von Zamonien oder auch Charta Zamonia \u2013 Die Karte des fiktiven Kontinents aus Walter Moers Zamonien-Zyklus. Hier in der farbigen Neuauflage aus dem ersten Zamonien-Roman: <a href=\"http:\/\/www.zamonien.de\/buch_blaubaer_penguin.php\" target=\"_blank\" rel=\"noopener\">\u00bbDie 13\u00bd Leben des K\u00e4pt\u2019n Blaub\u00e4r\u00ab<\/a>. Ein Auszug daraus: \u00bbIn <a href=\"\/index.php\/product-tag\/zamonien\/\">Zamonien<\/a> gab es die unterschiedlichsten Landschaftsformen, neben W\u00fcstenplateaus sah ich Eisgipfel, Sumpfw\u00e4lder, riesige Kornfelder, Steinw\u00fcsten und Mischwald. Im \u00e4u\u00dfersten Westen lag ein Gebirge, dessen Gipfel wesentlich h\u00f6her waren als die der anderen, es wurde das Finstergebirge genannt. Auff\u00e4llig war auch eine W\u00fcste inmitten des Kontinents, die gr\u00f6\u00dfte, die ich jemals gesehen hatte.\u00ab<\/p>\n<p>Auf Zamonien spielt auch die Handlung von vielen weiteren den Zamonien-Romanen, wie \u00bbEnsel und Krete\u00ab, \u00bbRumo &amp; Die Wunder im Dunkeln\u00ab, \u00bbDie Stadt der Tr\u00e4umenden B\u00fccher\u00ab, \u00bbDer Schrecksenmeister\u00ab, \u00bbDas Labyrinth der Tr\u00e4umenden B\u00fccher\u00ab, \u00bbPrinzessin Insomnia &amp; der alptraumfarbene <a href=\"\/index.php\/product-tag\/nachtmahr\/\">Nachtmahr<\/a>\u00ab, \u00bbWeihnachten auf der Lindwurmfeste\u00ab und \u00bbDer <a href=\"\/index.php\/product\/der-buecherdrache-poster-60x90cm\/\">B\u00fccherdrache<\/a>\u00ab. Eine \u00dcbersicht \u00fcber alle Zamonien-Romane findest Du auf Walter Moers <a href=\"http:\/\/www.zamonien.de\/buecher.php\" target=\"_blank\" rel=\"noopener\">Zamonien-Seite<\/a>.<\/p>\n<p>Auf der Karte sind viele Orte aus den Romanen eingezeichnet, wie Zamoniens Hauptstadt Atlantis, die Katakombenstadt <a href=\"\/index.php\/product-tag\/buchhaim\/\">Buchhaim<\/a>, die Lindwurmfeste oder Eydernorn \u2013 die Insel der 1000 Leuchtt\u00fcrme.<\/p>\n","protected":false},"featured_media":207,"template":"","meta":[],"product_brand":[],"product_cat":[31],"product_tag":[54,41,50],"class_list":{"0":"post-148","1":"product","2":"type-product","3":"status-publish","4":"has-post-thumbnail","6":"product_cat-zamonien-poster","7":"product_tag-charta-zamonia","8":"product_tag-zamonien","9":"product_tag-zamonien-karte","10":"product_shipping_class-bis-90-cm","12":"first","13":"instock","14":"taxable","15":"shipping-taxable","16":"purchasable","17":"product-type-simple"},"_links":{"self":[{"href":"https:\/\/zamonien.posterpix.de\/index.php\/wp-json\/wp\/v2\/product\/148","targetHints":{"allow":["GET"]}}],"collection":[{"href":"https:\/\/zamonien.posterpix.de\/index.php\/wp-json\/wp\/v2\/product"}],"about":[{"href":"https:\/\/zamonien.posterpix.de\/index.php\/wp-json\/wp\/v2\/types\/product"}],"wp:featuredmedia":[{"embeddable":true,"href":"https:\/\/zamonien.posterpix.de\/index.php\/wp-json\/wp\/v2\/media\/207"}],"wp:attachment":[{"href":"https:\/\/zamonien.posterpix.de\/index.php\/wp-json\/wp\/v2\/media?parent=148"}],"wp:term":[{"taxonomy":"product_brand","embeddable":true,"href":"https:\/\/zamonien.posterpix.de\/index.php\/wp-json\/wp\/v2\/product_brand?post=148"},{"taxonomy":"product_cat","embeddable":true,"href":"https:\/\/zamonien.posterpix.de\/index.php\/wp-json\/wp\/v2\/product_cat?post=148"},{"taxonomy":"product_tag","embeddable":true,"href":"https:\/\/zamonien.posterpix.de\/index.php\/wp-json\/wp\/v2\/product_tag?post=148"}],"curies":[{"name":"wp","href":"https:\/\/api.w.org\/{rel}","templated":true}]}}