{"id":1420,"date":"2025-03-18T13:07:22","date_gmt":"2025-03-18T12:07:22","guid":{"rendered":"https:\/\/zamonien.posterpix.de\/?post_type=product&#038;p=1420"},"modified":"2026-04-15T09:42:09","modified_gmt":"2026-04-15T08:42:09","slug":"hildegunst-von-mythenmetz-alu-dibond-60x80","status":"publish","type":"product","link":"https:\/\/zamonien.posterpix.de\/index.php\/produkt\/hildegunst-von-mythenmetz-alu-dibond-60x80\/","title":{"rendered":"Hildegunst von Mythenmetz, Alu-Dibond 60\u00d780"},"content":{"rendered":"","protected":false},"excerpt":{"rendered":"<p>Das Bild zeigt zeigt Hildegunst von <a href=\"\/index.php\/product-tag\/mythenmetz\/\">Mythenmetz<\/a> in seiner sogenannten roten Phase. Er war ein schuppender Lindwurm, weshalb er mehrmals in seinem Leben seine Schuppen verlor und so bis zu sechs Mal die Schuppenfarbe \u00e4nderte.<\/p>\n<p>Er war der ber\u00fchmteste zamonische Schriftsteller seiner Zeit und seine Werke erreichten Auflagen, die der gesamten zamonischen Bev\u00f6lkerung entsprachen. Er ver\u00f6ffentlichte mehr als 500 Werke, darunter seine 25-B\u00e4ndige Biografie \u00bbReiseerinnerungen eines sentimentalen Dinosauriers\u00ab.<\/p>\n<p>Viele seiner Werke galten schon nach ihrer Ver\u00f6ffentlichung als Klassiker. Mythenmetz durchlebte bereits zahlreiche radikale Ver\u00e4nderungen seiner Pers\u00f6nlichkeit, was sich auf die Art seiner Werke \u00fcbertrug.<\/p>\n","protected":false},"featured_media":1410,"template":"","meta":[],"product_brand":[],"product_cat":[32],"product_tag":[42],"class_list":{"0":"post-1420","1":"product","2":"type-product","3":"status-publish","4":"has-post-thumbnail","6":"product_cat-zamonien-alu-dibond","7":"product_tag-mythenmetz","8":"product_shipping_class-bis-90-cm","10":"first","11":"instock","12":"taxable","13":"shipping-taxable","14":"purchasable","15":"product-type-simple"},"_links":{"self":[{"href":"https:\/\/zamonien.posterpix.de\/index.php\/wp-json\/wp\/v2\/product\/1420","targetHints":{"allow":["GET"]}}],"collection":[{"href":"https:\/\/zamonien.posterpix.de\/index.php\/wp-json\/wp\/v2\/product"}],"about":[{"href":"https:\/\/zamonien.posterpix.de\/index.php\/wp-json\/wp\/v2\/types\/product"}],"wp:featuredmedia":[{"embeddable":true,"href":"https:\/\/zamonien.posterpix.de\/index.php\/wp-json\/wp\/v2\/media\/1410"}],"wp:attachment":[{"href":"https:\/\/zamonien.posterpix.de\/index.php\/wp-json\/wp\/v2\/media?parent=1420"}],"wp:term":[{"taxonomy":"product_brand","embeddable":true,"href":"https:\/\/zamonien.posterpix.de\/index.php\/wp-json\/wp\/v2\/product_brand?post=1420"},{"taxonomy":"product_cat","embeddable":true,"href":"https:\/\/zamonien.posterpix.de\/index.php\/wp-json\/wp\/v2\/product_cat?post=1420"},{"taxonomy":"product_tag","embeddable":true,"href":"https:\/\/zamonien.posterpix.de\/index.php\/wp-json\/wp\/v2\/product_tag?post=1420"}],"curies":[{"name":"wp","href":"https:\/\/api.w.org\/{rel}","templated":true}]}}