{"id":141,"date":"2023-09-14T16:56:00","date_gmt":"2023-09-14T15:56:00","guid":{"rendered":"https:\/\/zn.posterpix.de\/?post_type=product&#038;p=141"},"modified":"2026-02-21T10:55:24","modified_gmt":"2026-02-21T09:55:24","slug":"buchhandlung-buchhaim-alu-dibond-60x40cm","status":"publish","type":"product","link":"https:\/\/zamonien.posterpix.de\/index.php\/produkt\/buchhandlung-buchhaim-alu-dibond-60x40cm\/","title":{"rendered":"Buchhandlung Buchhaim, Alu-Dibond 60x40cm"},"content":{"rendered":"","protected":false},"excerpt":{"rendered":"<p>Der Blick auf eine Gro\u00dfbuchhandlung in der Katakombenstadt Buchhaim in West-Zamonien, aus der Graphic Novel \u00bb<a href=\"http:\/\/www.zamonien.de\/buch_graphic_novel.php\" target=\"_blank\" rel=\"noopener\">Stadt der Tr\u00e4umenden B\u00fccher\u00ab<\/a> . Als Alu-Dibond im Format 60 x 40cm, einer 3 mm Alu-Verbundplatte mit reflexionsfreiem matten Finish.<\/p>\n<p>Die Spur f\u00fchrt nach <a href=\"\/index.php\/product-tag\/buchhaim\/\">Buchhaim<\/a>, der <a href=\"http:\/\/www.zamonien.de\/buch_stadt-der-traeumenden-buecher.php\" target=\"_blank\" rel=\"noopener\">Stadt der Tr\u00e4umenden B\u00fccher<\/a> auf dem versunkenen Kontinent <a href=\"\/index.php\/product-tag\/zamonien\/\">Zamonien<\/a>. Als der Held sie betritt, ist es, als w\u00fcrde er die T\u00fcr zu einer gigantischen <a href=\"\/index.php\/product-tag\/buchhandlung\/\">Buchhandlung<\/a> aufrei\u00dfen. Er riecht den Anflug von S\u00e4ure, der an den Duft von Zitronenb\u00e4umen erinnert, das anregende Aroma von altem Leder und das scharfe, intelligente Parf\u00fcm der Druckerschw\u00e4rze. Das Bild stammt aus der Graphic Novel \u00bbDie Stadt der Tr\u00e4umenden B\u00fccher\u00ab. Es wurde auch auf der Ausstellung \u00bbDie 7\u00bd Leben des Walter Moers\u00ab in der Ludwiggalerie in Oberhausen und im Kulturforum in Bad Mergentheim gezeigt.<\/p>\n","protected":false},"featured_media":197,"template":"","meta":[],"product_brand":[],"product_cat":[32],"product_tag":[45,44],"class_list":{"0":"post-141","1":"product","2":"type-product","3":"status-publish","4":"has-post-thumbnail","6":"product_cat-zamonien-alu-dibond","7":"product_tag-buchhaim","8":"product_tag-buchhandlung","9":"product_shipping_class-bis-90-cm","11":"first","12":"instock","13":"taxable","14":"shipping-taxable","15":"purchasable","16":"product-type-simple"},"_links":{"self":[{"href":"https:\/\/zamonien.posterpix.de\/index.php\/wp-json\/wp\/v2\/product\/141","targetHints":{"allow":["GET"]}}],"collection":[{"href":"https:\/\/zamonien.posterpix.de\/index.php\/wp-json\/wp\/v2\/product"}],"about":[{"href":"https:\/\/zamonien.posterpix.de\/index.php\/wp-json\/wp\/v2\/types\/product"}],"wp:featuredmedia":[{"embeddable":true,"href":"https:\/\/zamonien.posterpix.de\/index.php\/wp-json\/wp\/v2\/media\/197"}],"wp:attachment":[{"href":"https:\/\/zamonien.posterpix.de\/index.php\/wp-json\/wp\/v2\/media?parent=141"}],"wp:term":[{"taxonomy":"product_brand","embeddable":true,"href":"https:\/\/zamonien.posterpix.de\/index.php\/wp-json\/wp\/v2\/product_brand?post=141"},{"taxonomy":"product_cat","embeddable":true,"href":"https:\/\/zamonien.posterpix.de\/index.php\/wp-json\/wp\/v2\/product_cat?post=141"},{"taxonomy":"product_tag","embeddable":true,"href":"https:\/\/zamonien.posterpix.de\/index.php\/wp-json\/wp\/v2\/product_tag?post=141"}],"curies":[{"name":"wp","href":"https:\/\/api.w.org\/{rel}","templated":true}]}}