{"id":140,"date":"2023-09-20T17:00:34","date_gmt":"2023-09-20T16:00:34","guid":{"rendered":"https:\/\/zn.posterpix.de\/?post_type=product&#038;p=140"},"modified":"2025-12-22T12:38:19","modified_gmt":"2025-12-22T11:38:19","slug":"nachtmahr-alu-dibond-60x80cm","status":"publish","type":"product","link":"https:\/\/zamonien.posterpix.de\/index.php\/produkt\/nachtmahr-alu-dibond-60x80cm\/","title":{"rendered":"Nachtmahr, Alu-Dibond 60x80cm"},"content":{"rendered":"","protected":false},"excerpt":{"rendered":"<p>Havarius Opal, oder auch der <a href=\"\/index.php\/product-tag\/nachtmahr\/\">Nachtmahr<\/a> aus dem Roman <a href=\"http:\/\/www.zamonien.de\/buch_prinzessin_insomnia.php\" target=\"_blank\" rel=\"noopener\">\u00bbPrinzessin Insomnia &amp; der alptraumfarbene Nachtmahr\u00ab<\/a>, hier im Andy-Wharhol-Stil. Als Alu-Dibond im Format 60 x 80 cm, einer 3 mm Alu-Verbundplatte mit reflexionsfreiem matten Finish.<\/p>\n<p>Der <a href=\"\/index.php\/product-tag\/nachtmahr\/\">Nachtmahr<\/a> begleitet die unter Schlaflosigkeit leidende Prinzessin auf ihrer Reise nach Amygdala, dem Teil ihres Gehirns, der f\u00fcr die Erzeugung des Angstgef\u00fchls zust\u00e4ndig ist. Der Nachtmahr ist ein sogenannter Alptraumorganisator und ist kein gew\u00f6hnlicher Bewohner von <a href=\"\/index.php\/product-tag\/zamonien\/\">Zamonien<\/a>, denn diese Wesen existieren nur in den Traumiversum bzw. im Gehirn des Opfers. Eine durch und durch zwielichtige Figur, die sich selbst als unsterblich und als Experten im \u00bbNachtmahr-Business\u00ab bezeichnet&#8230;<\/p>\n","protected":false},"featured_media":206,"template":"","meta":[],"product_brand":[],"product_cat":[32],"product_tag":[52,43],"class_list":{"0":"post-140","1":"product","2":"type-product","3":"status-publish","4":"has-post-thumbnail","6":"product_cat-zamonien-alu-dibond","7":"product_tag-alptraumorganisator","8":"product_tag-nachtmahr","9":"product_shipping_class-bis-90-cm","11":"first","12":"instock","13":"taxable","14":"shipping-taxable","15":"purchasable","16":"product-type-simple"},"_links":{"self":[{"href":"https:\/\/zamonien.posterpix.de\/index.php\/wp-json\/wp\/v2\/product\/140","targetHints":{"allow":["GET"]}}],"collection":[{"href":"https:\/\/zamonien.posterpix.de\/index.php\/wp-json\/wp\/v2\/product"}],"about":[{"href":"https:\/\/zamonien.posterpix.de\/index.php\/wp-json\/wp\/v2\/types\/product"}],"wp:featuredmedia":[{"embeddable":true,"href":"https:\/\/zamonien.posterpix.de\/index.php\/wp-json\/wp\/v2\/media\/206"}],"wp:attachment":[{"href":"https:\/\/zamonien.posterpix.de\/index.php\/wp-json\/wp\/v2\/media?parent=140"}],"wp:term":[{"taxonomy":"product_brand","embeddable":true,"href":"https:\/\/zamonien.posterpix.de\/index.php\/wp-json\/wp\/v2\/product_brand?post=140"},{"taxonomy":"product_cat","embeddable":true,"href":"https:\/\/zamonien.posterpix.de\/index.php\/wp-json\/wp\/v2\/product_cat?post=140"},{"taxonomy":"product_tag","embeddable":true,"href":"https:\/\/zamonien.posterpix.de\/index.php\/wp-json\/wp\/v2\/product_tag?post=140"}],"curies":[{"name":"wp","href":"https:\/\/api.w.org\/{rel}","templated":true}]}}