{"id":134,"date":"2023-09-20T17:00:26","date_gmt":"2023-09-20T16:00:26","guid":{"rendered":"https:\/\/zn.posterpix.de\/?post_type=product&#038;p=134"},"modified":"2026-04-18T17:54:05","modified_gmt":"2026-04-18T16:54:05","slug":"buchling-alphabet-poster-60x90cm","status":"publish","type":"product","link":"https:\/\/zamonien.posterpix.de\/index.php\/produkt\/buchling-alphabet-poster-60x90cm\/","title":{"rendered":"Buchling-Alphabet, Poster 60x90cm"},"content":{"rendered":"","protected":false},"excerpt":{"rendered":"<p>Das Bild zeigt das Alphabet der Buchlinge, aus dem Buch \u00bb<a href=\"http:\/\/www.zamonien.de\/buch_lexikon.php\" target=\"_blank\" rel=\"noopener\">Zamonien \u2013 Entdeckungsreise durch einen phantastischen Kontinent\u00ab<\/a>. Im Format 60 x 90 cm, als Poster gedruckt auf ein 240 g\/m\u00b2 starkes Premium\u00adpapier in seiden\u00admatter Optik.<\/p>\n<p>Die zamonischen Buchlinge sind ein Volk von Zyklopen, dem man nachsagt, sie fr\u00e4\u00dfen nicht nur B\u00fccher, sondern fast alles, was ihnen in den Weg kommt. Dies stellt sich jedoch als Klischee heraus, wie <a href=\"\/index.php\/product-tag\/mythenmetz\/\">Hildegunst von Mythenmetz<\/a> feststellen konnte. Das Buch ist das Lexikon zu Walter Moers Zamonien. Dort werden viele Begriffe aus <a href=\"\/index.php\/product-tag\/zamonien\/\">Zamonien<\/a> erkl\u00e4rt, wie Aromaorgeln, <a href=\"\/index.php\/product-tag\/buchhaim\/\">Buchhaim<\/a>, <a href=\"\/index.php\/product-tag\/buchling\/\">Buchlinge<\/a>, L\u00fcgengladiatoren, <a href=\"\/index.php\/product-tag\/haifischmaden\/\">Haifischmaden<\/a>, Mythenmetzsche Mentalmalerei, Tr\u00e4umende B\u00fccher, Unvorhandene Winzlinge oder Zwergpiraten. Von A bis Z..<\/p>\n","protected":false},"featured_media":200,"template":"","meta":[],"product_brand":[],"product_cat":[31],"product_tag":[48,47],"class_list":{"0":"post-134","1":"product","2":"type-product","3":"status-publish","4":"has-post-thumbnail","6":"product_cat-zamonien-poster","7":"product_tag-alphabet","8":"product_tag-buchling","9":"product_shipping_class-bis-90-cm","11":"first","12":"instock","13":"taxable","14":"shipping-taxable","15":"purchasable","16":"product-type-simple"},"_links":{"self":[{"href":"https:\/\/zamonien.posterpix.de\/index.php\/wp-json\/wp\/v2\/product\/134","targetHints":{"allow":["GET"]}}],"collection":[{"href":"https:\/\/zamonien.posterpix.de\/index.php\/wp-json\/wp\/v2\/product"}],"about":[{"href":"https:\/\/zamonien.posterpix.de\/index.php\/wp-json\/wp\/v2\/types\/product"}],"wp:featuredmedia":[{"embeddable":true,"href":"https:\/\/zamonien.posterpix.de\/index.php\/wp-json\/wp\/v2\/media\/200"}],"wp:attachment":[{"href":"https:\/\/zamonien.posterpix.de\/index.php\/wp-json\/wp\/v2\/media?parent=134"}],"wp:term":[{"taxonomy":"product_brand","embeddable":true,"href":"https:\/\/zamonien.posterpix.de\/index.php\/wp-json\/wp\/v2\/product_brand?post=134"},{"taxonomy":"product_cat","embeddable":true,"href":"https:\/\/zamonien.posterpix.de\/index.php\/wp-json\/wp\/v2\/product_cat?post=134"},{"taxonomy":"product_tag","embeddable":true,"href":"https:\/\/zamonien.posterpix.de\/index.php\/wp-json\/wp\/v2\/product_tag?post=134"}],"curies":[{"name":"wp","href":"https:\/\/api.w.org\/{rel}","templated":true}]}}