{"id":1152,"date":"2024-09-12T07:44:17","date_gmt":"2024-09-12T06:44:17","guid":{"rendered":"https:\/\/zamonien.posterpix.de\/?post_type=product&#038;p=1152"},"modified":"2026-04-01T17:17:48","modified_gmt":"2026-04-01T16:17:48","slug":"einhoernchen-2","status":"publish","type":"product","link":"https:\/\/zamonien.posterpix.de\/index.php\/produkt\/einhoernchen-2\/","title":{"rendered":"Einh\u00f6rnchen, Alu-Dibond 60\u00d780 cm"},"content":{"rendered":"","protected":false},"excerpt":{"rendered":"<p>Ein Motiv mit dem Einh\u00f6rnchen und <a href=\"\/index.php\/product-tag\/mythenmetz\/\">Hildegunst von Mythenmetz<\/a> aus dem neuen Roman aus der Zamonien-Reihe \u00bbDas Einh\u00f6rnchen, das r\u00fcckw\u00e4rts leben wollte\u00ab.<\/p>\n<p>\u00dcber das Buch: Ein <a href=\"\/index.php\/product-tag\/einhoernchen\/\">Einh\u00f6rnchen<\/a>, das lieber r\u00fcckw\u00e4rts leben m\u00f6chte; ein Werwolf, der ein Wiewolf sein will; eine fleischfressende Pflanze, die gern Vegetarierin w\u00e4re; zwei Vampirgeierbr\u00fcder, die Aas verachten &#8211; etliche Bewohner des Kontinentes <a href=\"\/index.php\/product-tag\/zamonien\/\">Zamonien<\/a> haben Probleme mit ihrer Identit\u00e4t und daher kein leichtes Leben. Aber ob Dummwolf oder Schlaufuchs, ob Schmiegeh\u00e4schen oder Halbtagsfliege, ob Froschling oder Buchling, sie alle finden ihren Weg in dieser Welt, in der die Fantasie und der Humor v\u00f6llig au\u00dfer Kontrolle geraten sind.<\/p>\n","protected":false},"featured_media":1170,"template":"","meta":[],"product_brand":[],"product_cat":[32],"product_tag":[63,42],"class_list":{"0":"post-1152","1":"product","2":"type-product","3":"status-publish","4":"has-post-thumbnail","6":"product_cat-zamonien-alu-dibond","7":"product_tag-einhoernchen","8":"product_tag-mythenmetz","9":"product_shipping_class-bis-90-cm","11":"first","12":"instock","13":"taxable","14":"shipping-taxable","15":"purchasable","16":"product-type-simple"},"_links":{"self":[{"href":"https:\/\/zamonien.posterpix.de\/index.php\/wp-json\/wp\/v2\/product\/1152","targetHints":{"allow":["GET"]}}],"collection":[{"href":"https:\/\/zamonien.posterpix.de\/index.php\/wp-json\/wp\/v2\/product"}],"about":[{"href":"https:\/\/zamonien.posterpix.de\/index.php\/wp-json\/wp\/v2\/types\/product"}],"wp:featuredmedia":[{"embeddable":true,"href":"https:\/\/zamonien.posterpix.de\/index.php\/wp-json\/wp\/v2\/media\/1170"}],"wp:attachment":[{"href":"https:\/\/zamonien.posterpix.de\/index.php\/wp-json\/wp\/v2\/media?parent=1152"}],"wp:term":[{"taxonomy":"product_brand","embeddable":true,"href":"https:\/\/zamonien.posterpix.de\/index.php\/wp-json\/wp\/v2\/product_brand?post=1152"},{"taxonomy":"product_cat","embeddable":true,"href":"https:\/\/zamonien.posterpix.de\/index.php\/wp-json\/wp\/v2\/product_cat?post=1152"},{"taxonomy":"product_tag","embeddable":true,"href":"https:\/\/zamonien.posterpix.de\/index.php\/wp-json\/wp\/v2\/product_tag?post=1152"}],"curies":[{"name":"wp","href":"https:\/\/api.w.org\/{rel}","templated":true}]}}