{"id":59,"date":"2021-07-19T10:16:35","date_gmt":"2021-07-19T09:16:35","guid":{"rendered":"https:\/\/zn.posterpix.de\/?page_id=59"},"modified":"2026-02-04T16:09:11","modified_gmt":"2026-02-04T15:09:11","slug":"allgemeine-geschaeftsbedingungen","status":"publish","type":"page","link":"https:\/\/zamonien.posterpix.de\/index.php\/allgemeine-geschaeftsbedingungen\/","title":{"rendered":"Allgemeine Gesch\u00e4ftsbedingungen"},"content":{"rendered":"\n<h4 class=\"wp-block-heading\">Inhaltsverzeichnis<\/h4>\n\n\n\n<ol class=\"wp-block-list\">\n<li>Geltungsbereich<\/li>\n\n\n\n<li>Vertragsschluss<\/li>\n\n\n\n<li>Widerrufsrecht<\/li>\n\n\n\n<li>Preise und Zahlungsbedingungen<\/li>\n\n\n\n<li>Liefer- und Versandbedingungen<\/li>\n\n\n\n<li>Eigentumsvorbehalt<\/li>\n\n\n\n<li>M\u00e4ngelhaftung (Gew\u00e4hrleistung)<\/li>\n\n\n\n<li>Besondere Bedingungen f\u00fcr die Verarbeitung von Waren nach bestimmten Vorgaben des Kunden<\/li>\n\n\n\n<li>Anwendbares Recht<\/li>\n\n\n\n<li>Gerichtsstand<\/li>\n\n\n\n<li>Alternative Streitbeilegung<\/li>\n<\/ol>\n\n\n\n<h4 class=\"wp-block-heading\">1) Geltungsbereich<\/h4>\n\n\n\n<p><strong>1.1<\/strong>\u2009Diese Allgemeinen Gesch\u00e4ftsbedingungen (nachfolgend &#8222;AGB&#8220;) der Posterpix GmbH (nachfolgend &#8222;Verk\u00e4ufer&#8220;), gelten f\u00fcr alle Vertr\u00e4ge \u00fcber die Lieferung von Waren, die ein Verbraucher oder Unternehmer (nachfolgend \u201eKunde\u201c) mit dem Verk\u00e4ufer hinsichtlich der vom Verk\u00e4ufer in seinem Online-Shop dargestellten Waren abschlie\u00dft. Hiermit wird der Einbeziehung von eigenen Bedingungen des Kunden widersprochen, es sei denn, es ist etwas anderes vereinbart.<\/p>\n\n\n\n<p><strong>1.2<\/strong>\u2009Verbraucher im Sinne dieser AGB ist jede nat\u00fcrliche Person, die ein Rechtsgesch\u00e4ft zu Zwecken abschlie\u00dft, die \u00fcberwiegend weder ihrer gewerblichen noch ihrer selbst\u00e4ndigen beruflichen T\u00e4tigkeit zugerechnet werden k\u00f6nnen. Unternehmer im Sinne dieser AGB ist eine nat\u00fcrliche oder juristische Person oder eine rechtsf\u00e4hige Personengesellschaft, die bei Abschluss eines Rechtsgesch\u00e4fts in Aus\u00fcbung ihrer gewerblichen oder selbst\u00e4ndigen beruflichen T\u00e4tigkeit handelt.<\/p>\n\n\n\n<h4 class=\"wp-block-heading\">2) Vertragsschluss<\/h4>\n\n\n\n<p><strong>2.1<\/strong>\u2009Die im Online-Shop des Verk\u00e4ufers enthaltenen Produktbeschreibungen stellen keine verbindlichen Angebote seitens des Verk\u00e4ufers dar, sondern dienen zur Abgabe eines verbindlichen Angebots durch den Kunden.<\/p>\n\n\n\n<p><strong>2.2<\/strong>\u2009Der Kunde kann das Angebot \u00fcber das in den Online-Shop des Verk\u00e4ufers integrierte Online-Bestellformular abgeben. Dabei gibt der Kunde, nachdem er die ausgew\u00e4hlten Waren in den virtuellen Warenkorb gelegt und den elektronischen Bestellprozess durchlaufen hat, durch Klicken des den Bestellvorgang abschlie\u00dfenden Buttons ein rechtlich verbindliches Vertragsangebot in Bezug auf die im Warenkorb enthaltenen Waren ab.<\/p>\n\n\n\n<p><strong>2.3<\/strong>\u2009Der Verk\u00e4ufer kann das Angebot des Kunden innerhalb von f\u00fcnf Tagen annehmen,<\/p>\n\n\n\n<ul class=\"wp-block-list\">\n<li>indem er dem Kunden eine schriftliche Auftragsbest\u00e4tigung oder eine Auftragsbest\u00e4tigung in Textform (Fax oder E-Mail) \u00fcbermittelt, wobei insoweit der Zugang der Auftragsbest\u00e4tigung beim Kunden ma\u00dfgeblich ist, oder<\/li>\n\n\n\n<li>indem er dem Kunden die bestellte Ware liefert, wobei insoweit der Zugang der Ware beim Kunden ma\u00dfgeblich ist, oder<\/li>\n\n\n\n<li>indem er den Kunden nach Abgabe von dessen Bestellung zur Zahlung auffordert.<\/li>\n<\/ul>\n\n\n\n<p>Liegen mehrere der vorgenannten Alternativen vor, kommt der Vertrag in dem Zeitpunkt zustande, in dem eine der vorgenannten Alternativen zuerst eintritt. Die Frist zur Annahme des Angebots beginnt am Tag nach der Absendung des Angebots durch den Kunden zu laufen und endet mit dem Ablauf des f\u00fcnften Tages, welcher auf die Absendung des Angebots folgt. Nimmt der Verk\u00e4ufer das Angebot des Kunden innerhalb vorgenannter Frist nicht an, so gilt dies als Ablehnung des Angebots mit der Folge, dass der Kunde nicht mehr an seine Willenserkl\u00e4rung gebunden ist.<\/p>\n\n\n\n<p><strong>2.4<\/strong>\u2009Bei Auswahl einer von PayPal angebotenen Zahlungsart erfolgt die Zahlungsabwicklung \u00fcber den Zahlungsdienstleister PayPal (Europe) S.\u00e0 r.l. et Cie, S.C.A., 22-24 Boulevard Royal, L-2449 Luxembourg (im Folgenden: \u201ePayPal\u201c), unter Geltung der PayPal-Nutzungsbedingungen, einsehbar unter https:\/\/www.paypal.com\/de\/webapps\/mpp\/ua\/useragreement-full oder &#8211; falls der Kunde nicht \u00fcber ein PayPal-Konto verf\u00fcgt \u2013 unter Geltung der Bedingungen f\u00fcr Zahlungen ohne PayPal-Konto, einsehbar unter https:\/\/www.paypal.com\/de\/webapps\/mpp\/ua\/privacywax-full. Zahlt der Kunde mittels einer im Online-Bestellvorgang ausw\u00e4hlbaren von PayPal angebotenen Zahlungsart, erkl\u00e4rt der Verk\u00e4ufer schon jetzt die Annahme des Angebots des Kunden in dem Zeitpunkt, in dem der Kunde den den Bestellvorgang abschlie\u00dfenden Button anklickt.<\/p>\n\n\n\n<p><strong>2.5<\/strong>\u2009Bei der Abgabe eines Angebots \u00fcber das Online-Bestellformular des Verk\u00e4ufers wird der Vertragstext nach dem Vertragsschluss vom Verk\u00e4ufer gespeichert und dem Kunden nach Absendung von dessen Bestellung in Textform (z. B. E-Mail, Fax oder Brief) \u00fcbermittelt. Eine dar\u00fcber hinausgehende Zug\u00e4nglichmachung des Vertragstextes durch den Verk\u00e4ufer erfolgt nicht. Sofern der Kunde vor Absendung seiner Bestellung ein Nutzerkonto im Online-Shop des Verk\u00e4ufers eingerichtet hat, werden die Bestelldaten auf der Website des Verk\u00e4ufers archiviert und k\u00f6nnen vom Kunden \u00fcber dessen passwortgesch\u00fctztes Nutzerkonto unter Angabe der entsprechenden Login-Daten kostenlos abgerufen werden.<\/p>\n\n\n\n<p><strong>2.6<\/strong>\u2009Vor verbindlicher Abgabe der Bestellung \u00fcber das Online-Bestellformular des Verk\u00e4ufers kann der Kunde m\u00f6gliche Eingabefehler durch aufmerksames Lesen der auf dem Bildschirm dargestellten Informationen erkennen. Ein wirksames technisches Mittel zur besseren Erkennung von Eingabefehlern kann dabei die Vergr\u00f6\u00dferungsfunktion des Browsers sein, mit deren Hilfe die Darstellung auf dem Bildschirm vergr\u00f6\u00dfert wird. Seine Eingaben kann der Kunde im Rahmen des elektronischen Bestellprozesses so lange \u00fcber die \u00fcblichen Tastatur- und Mausfunktionen korrigieren, bis er den den Bestellvorgang abschlie\u00dfenden Button anklickt.<\/p>\n\n\n\n<p><strong>2.7<\/strong>\u2009F\u00fcr den Vertragsschluss steht ausschlie\u00dflich die deutsche Sprache zur Verf\u00fcgung.<\/p>\n\n\n\n<p><strong>2.8<\/strong>\u2009Die Bestellabwicklung und Kontaktaufnahme finden in der Regel per E-Mail und automatisierter Bestellabwicklung statt. Der Kunde hat sicherzustellen, dass die von ihm zur Bestellabwicklung angegebene E-Mail-Adresse zutreffend ist, so dass unter dieser Adresse die vom Verk\u00e4ufer versandten E-Mails empfangen werden k\u00f6nnen. Insbesondere hat der Kunde bei dem Einsatz von SPAM-Filtern sicherzustellen, dass alle vom Verk\u00e4ufer oder von diesem mit der Bestellabwicklung beauftragten Dritten versandten E-Mails zugestellt werden k\u00f6nnen.<\/p>\n\n\n\n<h4 class=\"wp-block-heading\">3) Widerrufsrecht<\/h4>\n\n\n\n<p><strong>3.1<\/strong>\u2009Verbrauchern steht grunds\u00e4tzlich ein Widerrufsrecht zu.<\/p>\n\n\n\n<p><strong>3.2<\/strong>\u2009N\u00e4here Informationen zum Widerrufsrecht ergeben sich aus der <a href=\"https:\/\/zamonien.posterpix.de\/index.php\/revocation\/\" data-type=\"page\" data-id=\"13\">Widerrufsbelehrung<\/a> des Verk\u00e4ufers.<br><br><strong>3.3<\/strong> Im Falle eines Widerrufs sind Sie verpflichtet, die unmittelbaren Kosten der R\u00fccksendung der Waren zu tragen, es sei denn, die gelieferte Ware entspricht nicht der bestellten Ware.<\/p>\n\n\n\n<h4 class=\"wp-block-heading\">4) Preise und Zahlungsbedingungen<\/h4>\n\n\n\n<p><strong>4.1<\/strong>\u2009Sofern sich aus der Produktbeschreibung des Verk\u00e4ufers nichts anderes ergibt, handelt es sich bei den angegebenen Preisen um Gesamtpreise, die die gesetzliche Umsatzsteuer enthalten. Gegebenenfalls zus\u00e4tzlich anfallende Liefer- und Versandkosten werden in der jeweiligen Produktbeschreibung gesondert angegeben.<\/p>\n\n\n\n<p><strong>4.2<\/strong>\u2009Die Zahlungsm\u00f6glichkeit\/en wird\/werden dem Kunden im Online-Shop des Verk\u00e4ufers mitgeteilt.<\/p>\n\n\n\n<p><strong>4.3<\/strong>\u2009Ist Vorauskasse per Bank\u00fcberweisung vereinbart, ist die Zahlung sofort nach Vertragsabschluss f\u00e4llig, sofern die Parteien keinen sp\u00e4teren F\u00e4lligkeitstermin vereinbart haben.<\/p>\n\n\n\n<p><strong>4.4<\/strong>\u2009Bei Auswahl der Zahlungsart \u201eSOFORT\u201c erfolgt die Zahlungsabwicklung \u00fcber den Zahlungsdienstleister SOFORT GmbH, Theresienh\u00f6he 12, 80339 M\u00fcnchen (im Folgenden \u201eSOFORT\u201c). Um den Rechnungsbetrag \u00fcber \u201eSOFORT\u201c bezahlen zu k\u00f6nnen, muss der Kunde \u00fcber ein f\u00fcr die Teilnahme an \u201eSOFORT\u201c frei geschaltetes Online-Banking-Konto verf\u00fcgen, sich beim Zahlungsvorgang entsprechend legitimieren und die Zahlungsanweisung gegen\u00fcber \u201eSOFORT\u201c best\u00e4tigen. Die Zahlungstransaktion wird unmittelbar danach von \u201eSOFORT\u201c durchgef\u00fchrt und das Bankkonto des Kunden belastet. N\u00e4here Informationen zur Zahlungsart \u201eSOFORT\u201c kann der Kunde im Internet unter https:\/\/www.klarna.com\/sofort\/ abrufen.<\/p>\n\n\n\n<p><strong>4.5<\/strong>\u2009Bei Auswahl der Zahlungsart \u201ePayPal Rechnung\u201c tritt der Verk\u00e4ufer seine Zahlungsforderung an PayPal ab. Vor Annahme der Abtretungserkl\u00e4rung des Verk\u00e4ufers f\u00fchrt PayPal unter Verwendung der \u00fcbermittelten Kundendaten eine Bonit\u00e4tspr\u00fcfung durch. Der Verk\u00e4ufer beh\u00e4lt sich vor, dem Kunden die Zahlungsart \u201ePayPal Rechnung\u201c im Falle eines negativen Pr\u00fcfungsergebnisses zu verweigern. Wird die Zahlungsart \u201ePayPal Rechnung\u201c von PayPal zugelassen, hat der Kunde den Rechnungsbetrag innerhalb von 30 Tagen ab Erhalt der Ware an PayPal zu bezahlen, sofern ihm von PayPal kein anderes Zahlungsziel vorgegeben wird. Er kann in diesem Fall nur an PayPal mit schuldbefreiender Wirkung leisten. Der Verk\u00e4ufer bleibt jedoch auch im Falle der Forderungsabtretung zust\u00e4ndig f\u00fcr allgemeine Kundenanfragen z. B. zur Ware, Lieferzeit, Versendung, Retouren, Reklamationen, Widerrufserkl\u00e4rungen und -zusendungen oder Gutschriften. Erg\u00e4nzend gelten die Allgemeinen Nutzungsbedingungen f\u00fcr die Nutzung des Rechnungskaufs von PayPal, einsehbar unter https:\/\/www.paypal.com\/de\/webapps\/mpp\/ua\/pui-terms.<\/p>\n\n\n\n<p><strong>4.6<\/strong>\u2009Bei Auswahl der Zahlungsart \u201ePayPal Lastschrift\u201c zieht PayPal den Rechnungsbetrag nach Erteilung eines SEPA-Lastschriftmandats, nicht jedoch vor Ablauf der Frist f\u00fcr die Vorabinformation im Auftrag des Verk\u00e4ufers vom Bankkonto des Kunden ein. Vorabinformation (&#8222;Pre-Notification&#8220;) ist jede Mitteilung (z.B. Rechnung, Police, Vertrag) an den Kunden, die eine Belastung mittels SEPA-Lastschrift ank\u00fcndigt. Wird die Lastschrift mangels ausreichender Kontodeckung oder aufgrund der Angabe einer falschen Bankverbindung nicht eingel\u00f6st oder widerspricht der Kunde der Abbuchung, obwohl er hierzu nicht berechtigt ist, hat der Kunde die durch die R\u00fcckbuchung des jeweiligen Kreditinstituts entstehenden Geb\u00fchren zu tragen, wenn er dies zu vertreten hat.<\/p>\n\n\n\n<h4 class=\"wp-block-heading\">5) Liefer- und Versandbedingungen<\/h4>\n\n\n\n<p><strong>5.1<\/strong>\u2009Die Lieferung von Waren erfolgt auf dem Versandweg an die vom Kunden angegebene Lieferanschrift, sofern nichts anderes vereinbart ist. Bei der Abwicklung der Transaktion ist die in der Bestellabwicklung des Verk\u00e4ufers angegebene Lieferanschrift ma\u00dfgeblich. Abweichend hiervon ist bei Auswahl der Zahlungsart PayPal die vom Kunden zum Zeitpunkt der Bezahlung bei PayPal hinterlegte Lieferanschrift ma\u00dfgeblich.<\/p>\n\n\n\n<p><strong>5.2<\/strong>\u2009Scheitert die Zustellung der Ware aus Gr\u00fcnden, die der Kunde zu vertreten hat, tr\u00e4gt der Kunde die dem Verk\u00e4ufer hierdurch entstehenden angemessenen Kosten. Dies gilt im Hinblick auf die Kosten f\u00fcr die Hinsendung nicht, wenn der Kunde sein Widerrufsrecht wirksam aus\u00fcbt. F\u00fcr die R\u00fccksendekosten gilt bei wirksamer Aus\u00fcbung des Widerrufsrechts durch den Kunden die in der Widerrufsbelehrung des Verk\u00e4ufers hierzu getroffene Regelung.<\/p>\n\n\n\n<p><strong>5.3<\/strong>\u2009Bei Selbstabholung informiert der Verk\u00e4ufer den Kunden zun\u00e4chst per E-Mail dar\u00fcber, dass die von ihm bestellte Ware zur Abholung bereit steht. Nach Erhalt dieser E-Mail kann der Kunde die Ware nach Absprache mit dem Verk\u00e4ufer am Sitz des Verk\u00e4ufers abholen. In diesem Fall werden keine Versandkosten berechnet.<\/p>\n\n\n\n<h4 class=\"wp-block-heading\">6) Eigentumsvorbehalt<\/h4>\n\n\n\n<p>Tritt der Verk\u00e4ufer in Vorleistung, beh\u00e4lt er sich bis zur vollst\u00e4ndigen Bezahlung des geschuldeten Kaufpreises das Eigentum an der gelieferten Ware vor.<\/p>\n\n\n\n<h4 class=\"wp-block-heading\">7) M\u00e4ngelhaftung (Gew\u00e4hrleistung)<\/h4>\n\n\n\n<p><strong>7.1<\/strong>\u2009Ist die Kaufsache mangelhaft, gelten die Vorschriften  der gesetzlichen M\u00e4ngelhaftung.<\/p>\n\n\n\n<p><strong>7.2<\/strong>\u2009Handelt der Kunde als Verbraucher, so wird er gebeten, angelieferte Waren mit offensichtlichen Transportsch\u00e4den bei dem Zusteller zu reklamieren und den Verk\u00e4ufer hiervon in Kenntnis zu setzen. Kommt der Kunde dem nicht nach, hat dies keinerlei Auswirkungen auf seine gesetzlichen oder vertraglichen M\u00e4ngelanspr\u00fcche.<\/p>\n\n\n\n<h4 class=\"wp-block-heading\">8) Besondere Bedingungen f\u00fcr die Verarbeitung von Waren nach bestimmten Vorgaben des Kunden<\/h4>\n\n\n\n<p><strong>8.1<\/strong>\u2009Schuldet der Verk\u00e4ufer nach dem Inhalt des Vertrages neben der Warenlieferung auch die Verarbeitung der Ware nach bestimmten Vorgaben des Kunden, hat der Kunde dem Verk\u00e4ufer alle f\u00fcr die Verarbeitung erforderlichen Inhalte wie Texte, Bilder oder Grafiken in den vom Verk\u00e4ufer vorgegebenen Dateiformaten, Formatierungen, Bild- und Dateigr\u00f6\u00dfen zur Verf\u00fcgung zu stellen und ihm die hierf\u00fcr erforderlichen Nutzungsrechte einzur\u00e4umen. F\u00fcr die Beschaffung und den Rechteerwerb an diesen Inhalten ist allein der Kunde verantwortlich. Der Kunde erkl\u00e4rt und \u00fcbernimmt die Verantwortung daf\u00fcr, dass er das Recht besitzt, die dem Verk\u00e4ufer \u00fcberlassenen Inhalte zu nutzen. Er tr\u00e4gt insbesondere daf\u00fcr Sorge, dass hierdurch keine Rechte Dritter verletzt werden, insbesondere Urheber-, Marken- und Pers\u00f6nlichkeitsrechte.<\/p>\n\n\n\n<p><strong>8.2<\/strong>\u2009Der Kunde stellt den Verk\u00e4ufer von Anspr\u00fcchen Dritter frei, die diese im Zusammenhang mit einer Verletzung ihrer Rechte durch die vertragsgem\u00e4\u00dfe Nutzung der Inhalte des Kunden durch den Verk\u00e4ufer diesem gegen\u00fcber geltend machen k\u00f6nnen. Der Kunde \u00fcbernimmt hierbei auch die angemessenen Kosten der notwendigen Rechtsverteidigung einschlie\u00dflich aller Gerichts- und Anwaltskosten in gesetzlicher H\u00f6he. Dies gilt nicht, wenn die Rechtsverletzung vom Kunden nicht zu vertreten ist. Der Kunde ist verpflichtet, dem Verk\u00e4ufer im Falle einer Inanspruchnahme durch Dritte unverz\u00fcglich, wahrheitsgem\u00e4\u00df und vollst\u00e4ndig alle Informationen zur Verf\u00fcgung zu stellen, die f\u00fcr die Pr\u00fcfung der Anspr\u00fcche und eine Verteidigung erforderlich sind.<\/p>\n\n\n\n<p><strong>8.3<\/strong>\u2009Der Verk\u00e4ufer beh\u00e4lt sich vor, Verarbeitungsauftr\u00e4ge abzulehnen, wenn die vom Kunden hierf\u00fcr \u00fcberlassenen Inhalte gegen gesetzliche oder beh\u00f6rdliche Verbote oder gegen die guten Sitten versto\u00dfen. Dies gilt insbesondere bei \u00dcberlassung verfassungsfeindlicher, rassistischer, fremdenfeindlicher, diskriminierender, beleidigender, Jugend gef\u00e4hrdender und\/oder Gewalt verherrlichender Inhalte.<\/p>\n\n\n<h4>9) Anwendbares Recht<\/h4>\n<p>F\u00fcr s\u00e4mtliche Rechtsbeziehungen der Parteien gilt das Recht der Bundesrepublik Deutschland unter Ausschluss der Gesetze \u00fcber den internationalen Kauf beweglicher Waren. Bei Verbrauchern gilt diese Rechtswahl nur insoweit, als nicht der gew\u00e4hrte Schutz durch zwingende Bestimmungen des Rechts des Staates, in dem der Verbraucher seinen gew\u00f6hnlichen Aufenthalt hat, entzogen wird.<\/p>\n<h4>10) Gerichtsstand<\/h4>\n<p>Handelt der Kunde als Kaufmann, juristische Person des \u00f6ffentlichen Rechts oder \u00f6ffentlich-rechtliches Sonderverm\u00f6gen mit Sitz im Hoheitsgebiet der Bundesrepublik Deutschland, ist ausschlie\u00dflicher Gerichtsstand f\u00fcr alle Streitigkeiten aus diesem Vertrag der Gesch\u00e4ftssitz des Verk\u00e4ufers. Hat der Kunde seinen Sitz au\u00dferhalb des Hoheitsgebiets der Bundesrepublik Deutschland, so ist der Gesch\u00e4ftssitz des Verk\u00e4ufers ausschlie\u00dflicher Gerichtsstand f\u00fcr alle Streitigkeiten aus diesem Vertrag, wenn der Vertrag oder Anspr\u00fcche aus dem Vertrag der beruflichen oder gewerblichen T\u00e4tigkeit des Kunden zugerechnet werden k\u00f6nnen. Der Verk\u00e4ufer ist in den vorstehenden F\u00e4llen jedoch in jedem Fall berechtigt, das Gericht am Sitz des Kunden anzurufen.<\/p>","protected":false},"excerpt":{"rendered":"<p>Inhaltsverzeichnis 1) Geltungsbereich 1.1\u2009Diese Allgemeinen Gesch\u00e4ftsbedingungen (nachfolgend &#8222;AGB&#8220;) der Posterpix GmbH (nachfolgend &#8222;Verk\u00e4ufer&#8220;), gelten f\u00fcr alle Vertr\u00e4ge \u00fcber die Lieferung von Waren, die ein Verbraucher oder Unternehmer (nachfolgend \u201eKunde\u201c) mit dem Verk\u00e4ufer hinsichtlich der vom Verk\u00e4ufer in seinem Online-Shop dargestellten Waren abschlie\u00dft. Hiermit wird der Einbeziehung von eigenen Bedingungen des Kunden widersprochen, es sei denn, [&hellip;]<\/p>\n","protected":false},"author":1,"featured_media":0,"parent":0,"menu_order":0,"comment_status":"closed","ping_status":"closed","template":"Reduced-Content-Width.php","meta":{"footnotes":""},"class_list":["post-59","page","type-page","status-publish","hentry"],"_links":{"self":[{"href":"https:\/\/zamonien.posterpix.de\/index.php\/wp-json\/wp\/v2\/pages\/59","targetHints":{"allow":["GET"]}}],"collection":[{"href":"https:\/\/zamonien.posterpix.de\/index.php\/wp-json\/wp\/v2\/pages"}],"about":[{"href":"https:\/\/zamonien.posterpix.de\/index.php\/wp-json\/wp\/v2\/types\/page"}],"author":[{"embeddable":true,"href":"https:\/\/zamonien.posterpix.de\/index.php\/wp-json\/wp\/v2\/users\/1"}],"replies":[{"embeddable":true,"href":"https:\/\/zamonien.posterpix.de\/index.php\/wp-json\/wp\/v2\/comments?post=59"}],"version-history":[{"count":14,"href":"https:\/\/zamonien.posterpix.de\/index.php\/wp-json\/wp\/v2\/pages\/59\/revisions"}],"predecessor-version":[{"id":1828,"href":"https:\/\/zamonien.posterpix.de\/index.php\/wp-json\/wp\/v2\/pages\/59\/revisions\/1828"}],"wp:attachment":[{"href":"https:\/\/zamonien.posterpix.de\/index.php\/wp-json\/wp\/v2\/media?parent=59"}],"curies":[{"name":"wp","href":"https:\/\/api.w.org\/{rel}","templated":true}]}}