{"id":14,"date":"2021-07-17T11:32:56","date_gmt":"2021-07-17T11:32:56","guid":{"rendered":"https:\/\/zn.posterpix.de\/index.php\/shipping-methods\/"},"modified":"2025-06-11T09:50:59","modified_gmt":"2025-06-11T08:50:59","slug":"shipping-methods","status":"publish","type":"page","link":"https:\/\/zamonien.posterpix.de\/index.php\/shipping-methods\/","title":{"rendered":"Versandkosten"},"content":{"rendered":"\n<figure class=\"wp-block-table\"><table><tbody><tr><td><\/td><td>Poster und Produkte  <br>mit Tr\u00e4gerrahmen&nbsp;bis 90&nbsp;cm<\/td><td>Produkte mit Tr\u00e4gerrahmen&nbsp;<br>ab Kanten\u00adl\u00e4nge&nbsp;90&nbsp;cm<\/td><\/tr><tr><td><strong>Deutschland<\/strong><\/td><td><strong>6,95 \u20ac<\/strong><\/td><td><strong>14,95 \u20ac<\/strong><\/td><\/tr><tr><td><strong>\u00d6sterreich<\/strong><\/td><td><strong>9,95 \u20ac<\/strong><\/td><td><strong>16,95 \u20ac<\/strong><\/td><\/tr><\/tbody><\/table><\/figure>\n\n\n\n<p>Pro Bestellung werden nur einmal Versandkosten berechnet. Bei Sammelbestellung mehrerer Artikel richten sich die Versandkosten nach dem gr\u00f6\u00dften Format. Preise gelten f\u00fcr den Versand innerhalb Deutschlands oder nach \u00d6sterreich.<\/p>\n\n\n\n<p>Die Lieferzeit betr\u00e4gt normalerweise 5 Werktage. Bitte beachte, dass es gerade um Feiertage herum, wie z.B. Weihnachten, zu Lieferverz\u00f6gerungen kommen kann. Plane daher ausreichend Zeit ein, damit du dein Bild rechtzeitig erh\u00e4ltst.<\/p>\n\n\n\n<p>Packstationen k\u00f6nnen wir leider nicht anfahren, da wir mit GLS versenden. Alternativ kannst du deine Bestellung auch bei <a href=\"https:\/\/www.posterpix.de\/\" target=\"_blank\" rel=\"noreferrer noopener\">PosterPix<\/a> in Mainz abholen.<\/p>\n\n\n\n<p>Angezeigt und hinzugerechnet werden die Versandkosten im vierten Schritt des Bestellprozesses unter Versandart. Au\u00dfer, du bist in deinem Benutzerkonto eingeloggt, dann siehst du die Versandkosten direkt im Warenkorb. Du kannst dein Bild auch gerne selbst abholen. Dann fallen selbstverst\u00e4ndlich keine Versandkosten an.<\/p>\n\n\n\n<p>Posterpix-Produkte werden in einer stabilen Spezialverpackung versendet. Unsere Pakete sind versichert und werden somit bei Besch\u00e4digung im vollen Warenwert ersetzt.<\/p>\n\n\n\n<p><strong>Bitte kontrolliere immer im Beisein des Zustellers die Verpackung. Solltest du einen Schaden feststellen, verweigere die Annahme und setze dich umgehend mit unserem Kundenservice in Kontakt.<\/strong><\/p>\n\n\n\n<p>Hast du die Ware bereits in Empfang genommen und dann den Schaden festgestellt, setze dich ebenfalls umgehend mit unserem Kundenservice in Kontakt. Bitte sende uns zur Dokumentation Fotos des Schadens per E-Mail zu und nenne deine Bestellnummer.<\/p>\n\n\n\n<p>Unseren Kundenservice erreichst du unter <a href=\"tel:0049613192660219\">0049 6131-926602-19<\/a> oder <a href=\"#\" class=\"cryptedmail\" data-name=\"service\" data-domain=\"posterpix\" data-tld=\"de\" onclick=\"window.location.href = 'mailto:' + this.dataset.name + '@' + this.dataset.domain + '.' + this.dataset.tld; return false;\">service@posterpix.de<\/a><\/p>\n","protected":false},"excerpt":{"rendered":"<p>Poster und Produkte mit Tr\u00e4gerrahmen&nbsp;bis 90&nbsp;cm Produkte mit Tr\u00e4gerrahmen&nbsp;ab Kanten\u00adl\u00e4nge&nbsp;90&nbsp;cm Deutschland 6,95 \u20ac 14,95 \u20ac \u00d6sterreich 9,95 \u20ac 16,95 \u20ac Pro Bestellung werden nur einmal Versandkosten berechnet. Bei Sammelbestellung mehrerer Artikel richten sich die Versandkosten nach dem gr\u00f6\u00dften Format. Preise gelten f\u00fcr den Versand innerhalb Deutschlands oder nach \u00d6sterreich. Die Lieferzeit betr\u00e4gt normalerweise 5 Werktage. [&hellip;]<\/p>\n","protected":false},"author":1,"featured_media":0,"parent":0,"menu_order":0,"comment_status":"closed","ping_status":"closed","template":"Reduced-Content-Width.php","meta":{"footnotes":""},"class_list":["post-14","page","type-page","status-publish","hentry"],"_links":{"self":[{"href":"https:\/\/zamonien.posterpix.de\/index.php\/wp-json\/wp\/v2\/pages\/14","targetHints":{"allow":["GET"]}}],"collection":[{"href":"https:\/\/zamonien.posterpix.de\/index.php\/wp-json\/wp\/v2\/pages"}],"about":[{"href":"https:\/\/zamonien.posterpix.de\/index.php\/wp-json\/wp\/v2\/types\/page"}],"author":[{"embeddable":true,"href":"https:\/\/zamonien.posterpix.de\/index.php\/wp-json\/wp\/v2\/users\/1"}],"replies":[{"embeddable":true,"href":"https:\/\/zamonien.posterpix.de\/index.php\/wp-json\/wp\/v2\/comments?post=14"}],"version-history":[{"count":19,"href":"https:\/\/zamonien.posterpix.de\/index.php\/wp-json\/wp\/v2\/pages\/14\/revisions"}],"predecessor-version":[{"id":1501,"href":"https:\/\/zamonien.posterpix.de\/index.php\/wp-json\/wp\/v2\/pages\/14\/revisions\/1501"}],"wp:attachment":[{"href":"https:\/\/zamonien.posterpix.de\/index.php\/wp-json\/wp\/v2\/media?parent=14"}],"curies":[{"name":"wp","href":"https:\/\/api.w.org\/{rel}","templated":true}]}}